{"id":41766,"date":"2025-12-06T13:19:16","date_gmt":"2025-12-06T11:19:16","guid":{"rendered":"https:\/\/pomello.ee\/toode\/yleiskayttoinen-potilassanky-hydraulipumpulla-pink-210\/"},"modified":"2025-12-06T13:19:16","modified_gmt":"2025-12-06T11:19:16","slug":"yleiskayttoinen-potilassanky-hydraulipumpulla-pink-210","status":"publish","type":"product","link":"https:\/\/pomello.ee\/fi\/toode\/yleiskayttoinen-potilassanky-hydraulipumpulla-pink-210\/","title":{"rendered":"Yleisk\u00e4ytt\u00f6inen potilass\u00e4nky hydraulipumpulla Pink 210"},"content":{"rendered":"<p>Yksinkertaisuus ja toimivuus<\/p>\n<p>Hydraulisesti toimiva py\u00f6riv\u00e4 kauneustuoli on k\u00e4yt\u00e4nn\u00f6llinen sisustuselementti, joka sopii k\u00e4ytett\u00e4v\u00e4ksi monissa erikoistuneissa salongeissa \u2013 kauneus-, hieronta- ja tatuointistudioissa. Se on ihanteellinen valinta niille, jotka etsiv\u00e4t yksinkertaisia, luotettavia ja toimivia kauneuskalusteita.<\/p>\n<h3 data-start=\"38\" data-end=\"68\"><img decoding=\"async\" style=\"color: #333333; font-size: 16px;\" src=\"https:\/\/activeshop.com.pl\/media\/wysiwyg\/product\/141140\/EN_141140_2.jpg\" alt=\"\"><\/h3>\n<p>Toiminnallisia ratkaisuja mukavaan ty\u00f6skentelyyn<\/p>\n<p>Istuinkorkeutta voidaan s\u00e4\u00e4t\u00e4\u00e4 hydraulisella pumpulla 65\u201379 cm:n v\u00e4lill\u00e4 ilman k\u00e4sien k\u00e4ytt\u00f6\u00e4. T\u00e4m\u00e4 mahdollistaa tuolin mukavan k\u00e4yt\u00f6n eri pituisille ihmisille ja sen mukauttamisen sek\u00e4 asiakkaan ett\u00e4 ammattilaisen yksil\u00f6llisiin tarpeisiin. K\u00e4ytetty mekanismi on kest\u00e4v\u00e4 ja luotettava.<\/p>\n<p>Niskatukeen j\u00e4\u00e4v\u00e4n aukon ansiosta, joka on piilossa oikein muotoillun tyynyn alla, tuoli sopii erinomaisesti my\u00f6s selk\u00e4\u00e4n kohdistuviin toimenpiteisiin, kuten hierontoihin tai tatuointien ottamiseen.<\/p>\n<h3 data-start=\"67\" data-end=\"112\"><img decoding=\"async\" style=\"color: #333333; font-size: 16px;\" src=\"https:\/\/activeshop.com.pl\/media\/wysiwyg\/product\/141140\/EN_141140_3.jpg\" alt=\"\"><\/h3>\n<p>K\u00e4yt\u00f6n helppous<\/p>\n<p>Tuolia voidaan k\u00e4\u00e4nt\u00e4\u00e4 akselinsa ymp\u00e4ri, mink\u00e4 ansiosta sit\u00e4 voidaan nopeasti ja k\u00e4tev\u00e4sti s\u00e4\u00e4t\u00e4\u00e4 suoritettavan toimenpiteen mukaan. Hydrauliikassa on sis\u00e4\u00e4nrakennettu lukitusj\u00e4rjestelm\u00e4, joka varmistaa valitun asennon pysymisen vakaana. K\u00e4sinojat tarjoavat hyv\u00e4n tuen ja ne voidaan tarvittaessa helposti irrottaa. Kaksiosaiset ja liikuteltavat k\u00e4sinojat asettuvat luonnollisesti ja mukavasti selk\u00e4nojan asentoa muutettaessa.<\/p>\n<h3 data-start=\"64\" data-end=\"82\"><img decoding=\"async\" style=\"color: #333333; font-size: 16px;\" src=\"https:\/\/activeshop.com.pl\/media\/wysiwyg\/product\/141140\/EN_141140_4.jpg\" alt=\"\"><\/h3>\n<p>Kallistuskulmien manuaalinen s\u00e4\u00e4t\u00f6<\/p>\n<p>Erikoisvivut mahdollistavat sek\u00e4 jalkatuen ett\u00e4 selk\u00e4nojan kallistuskulmien sujuvan ja portaattoman s\u00e4\u00e4d\u00f6n. N\u00e4in tuoli voidaan s\u00e4\u00e4t\u00e4\u00e4 tarkasti k\u00e4ytt\u00e4j\u00e4n yksil\u00f6llisiin tarpeisiin, mik\u00e4 varmistaa mukavan ty\u00f6asennon ja helppok\u00e4ytt\u00f6isyyden toimenpiteiden aikana. Tuoli voidaan avata kokonaan makuuasentoon, mik\u00e4 lis\u00e4\u00e4 merkitt\u00e4v\u00e4sti sen toimivuutta.<\/p>\n<h3 data-start=\"38\" data-end=\"79\"><img decoding=\"async\" style=\"color: #333333; font-size: 16px;\" src=\"https:\/\/activeshop.com.pl\/media\/wysiwyg\/product\/141140\/EN_141140_5.jpg\" alt=\"\"><\/h3>\n<p>Moderni muotoilu ja ergonomia<\/p>\n<p>Tuoli on t\u00e4ytetty tihe\u00e4ll\u00e4 vaahtomuovilla ja p\u00e4\u00e4llystetty puolimattapinkki keinonahalla. T\u00e4m\u00e4n materiaalin ansiosta tuoli on mukava k\u00e4ytt\u00e4\u00e4, kosteutta kest\u00e4v\u00e4 ja helppo puhdistaa. Hyvin muotoillut reunat antavat istuimelle ergonomisen muodon. Vahva rakenne takaa kest\u00e4vyyden ja vakauden. Yksinkertainen muotoilu ja klassiset v\u00e4rit mahdollistavat tuolin sopivuuden mihin tahansa sisustukseen.<\/p>\n<p><iframe loading=\"lazy\" title=\"Hydraulic cosmetic chair Basic 210\" width=\"500\" height=\"281\" src=\"https:\/\/www.youtube.com\/embed\/KmXU4GtTtGU?feature=oembed\" frameborder=\"0\" allow=\"accelerometer; autoplay; clipboard-write; encrypted-media; gyroscope; picture-in-picture; web-share\" referrerpolicy=\"strict-origin-when-cross-origin\" allowfullscreen><\/iframe><\/p>\n","protected":false},"excerpt":{"rendered":"<p>Yleisk\u00e4ytt\u00f6inen asiakass\u00e4nky hydraulipumpulla \u2013 mukava, tyylik\u00e4s ja toimiva valinta kauneushoitolaan<\/p>\n<p>T\u00e4m\u00e4 hydraulinen kosmetologituoli on suunniteltu kosmetologeille, jotka arvostavat mukavuutta, luotettavuutta ja modernia muotoilua. Tuolin pehme\u00e4 vaahtomuovit\u00e4yte ja vaaleanpunaisen s\u00e4vyinen keinonahka tarjoavat miellytt\u00e4v\u00e4n k\u00e4ytt\u00f6kokemuksen sek\u00e4 asiakkaalle ett\u00e4 mestarille. Puolimatta viimeistely on helppo puhdistaa, kosteutta hylkiv\u00e4 ja sopii intensiiviseen salonkik\u00e4ytt\u00f6\u00f6n.<\/p>\n<p>Tuolia voidaan s\u00e4\u00e4t\u00e4\u00e4 portaattomasti manuaalisesti \u2013 selk\u00e4noja ja jalkatuki voidaan s\u00e4\u00e4t\u00e4\u00e4 juuri tarpeidesi mukaan. Hydraulinen mekanismi mahdollistaa istuinkorkeuden muuttamisen, mik\u00e4 tarjoaa mukavuutta eri pituisille mestareille. Vakaan rakenteen ansiosta tuoli voidaan s\u00e4\u00e4t\u00e4\u00e4 nopeasti jokaista toimenpidett\u00e4 varten.<\/p>\n<p>Niskatuki k\u00e4tkee sis\u00e4\u00e4ns\u00e4 erityisen tyynyn, jossa on aukko, mik\u00e4 tekee tuolista sopivan selk\u00e4hoitoihin, hierontoihin ja tatuointien ottamiseen.<\/p>\n<p>Tuote-edut<\/p>\n<p>Moderni muotoilu ja pinkki verhoilu<\/p>\n<p>Helppo puhdistaa, kest\u00e4v\u00e4\u00e4 keinonahkaa<\/p>\n<p>Ergonominen vaahtomuovipehmuste mukavaan tukeen<\/p>\n<p>Hydraulinen korkeudens\u00e4\u00e4t\u00f6 (65\u201379 cm)<\/p>\n<p>Selk\u00e4nojan ja jalkatuen sujuva manuaalinen s\u00e4\u00e4t\u00f6<\/p>\n<p>Irrotettavat ja siirrett\u00e4v\u00e4t k\u00e4sinojat<\/p>\n<p>Sopii kauneushoitoloihin, hierontaan, tatuointiin<\/p>\n<p>Sarja sis\u00e4lt\u00e4\u00e4<\/p>\n<p>Istuimen selk\u00e4nojalla ja jalkatuella<\/p>\n<p>K\u00e4sinnojat<\/p>\n<p>Aukeavan niskatuen pehmusteen<\/p>\n<p>Hydraulisesti toimivan jalustan<\/p>\n<p>Asennus- ja kiinnityssarjan<\/p>\n<p>Tekniset tiedot<\/p>\n<p>Tyyppi: hydraulinen<\/p>\n<p>Toimilaitteet: 1<\/p>\n<p>Rungon v\u00e4ri: valkoiset s\u00e4vyt<\/p>\n<p>Verhoilu: pinkki s\u00e4vyt, keinonahka<\/p>\n<p>T\u00e4yte: kest\u00e4v\u00e4 vaahtomuovi<\/p>\n<p>Pituus t\u00e4ysin avattuna: 184 cm<\/p>\n<p>Takuu: 12 kuukautta<\/p>\n<p>Tekniset tiedot:<\/p>\n<p>&#8211; kokonaispaino (kaikki laatikot) 70 kg<br \/>\n&#8211; pakkausten lukum\u00e4\u00e4r\u00e4: 2 (laatikot 2 ja 3 on pakattu yhteen)<br \/>\n&#8211; pakkauksen mitat: 116 x 44 x 65 cm ja 108 x 8 x 58 cm<\/p>\n","protected":false},"featured_media":38330,"comment_status":"open","ping_status":"closed","template":"","meta":{"_monsterinsights_skip_tracking":false,"_monsterinsights_sitenote_active":false,"_monsterinsights_sitenote_note":"","_monsterinsights_sitenote_category":0},"product_brand":[],"product_cat":[1601,1604],"product_tag":[],"class_list":{"0":"post-41766","1":"product","2":"type-product","3":"status-publish","4":"has-post-thumbnail","6":"product_cat-kauneushoitolan-kalusteet","7":"product_cat-asiakasvuoteet-ja-hoitotuolit","8":"pa_brand-active","9":"pa_varv-heleroosa-fi","11":"first","12":"instock","13":"taxable","14":"shipping-taxable","15":"purchasable","16":"product-type-simple"},"_links":{"self":[{"href":"https:\/\/pomello.ee\/fi\/wp-json\/wp\/v2\/product\/41766","targetHints":{"allow":["GET"]}}],"collection":[{"href":"https:\/\/pomello.ee\/fi\/wp-json\/wp\/v2\/product"}],"about":[{"href":"https:\/\/pomello.ee\/fi\/wp-json\/wp\/v2\/types\/product"}],"replies":[{"embeddable":true,"href":"https:\/\/pomello.ee\/fi\/wp-json\/wp\/v2\/comments?post=41766"}],"wp:featuredmedia":[{"embeddable":true,"href":"https:\/\/pomello.ee\/fi\/wp-json\/wp\/v2\/media\/38330"}],"wp:attachment":[{"href":"https:\/\/pomello.ee\/fi\/wp-json\/wp\/v2\/media?parent=41766"}],"wp:term":[{"taxonomy":"product_brand","embeddable":true,"href":"https:\/\/pomello.ee\/fi\/wp-json\/wp\/v2\/product_brand?post=41766"},{"taxonomy":"product_cat","embeddable":true,"href":"https:\/\/pomello.ee\/fi\/wp-json\/wp\/v2\/product_cat?post=41766"},{"taxonomy":"product_tag","embeddable":true,"href":"https:\/\/pomello.ee\/fi\/wp-json\/wp\/v2\/product_tag?post=41766"}],"curies":[{"name":"wp","href":"https:\/\/api.w.org\/{rel}","templated":true}]}}