{"id":41908,"date":"2026-05-07T16:08:46","date_gmt":"2026-05-07T14:08:46","guid":{"rendered":"https:\/\/pomello.ee\/toode\/lash-lamination-tinting-paper-compensators\/"},"modified":"2026-05-07T16:08:46","modified_gmt":"2026-05-07T14:08:46","slug":"lash-lamination-tinting-paper-compensators","status":"publish","type":"product","link":"https:\/\/pomello.ee\/fi\/toode\/lash-lamination-tinting-paper-compensators\/","title":{"rendered":"Lash Lamination &#038; Tinting Paper Compensators\u00a0"},"content":{"rendered":"","protected":false},"excerpt":{"rendered":"<p><strong>Lash Lamination &amp; Tinting Paper Compensators<\/strong><\/p>\n<p>Ammattik\u00e4ytt\u00f6\u00f6n suunnitellut kertak\u00e4ytt\u00f6iset paperikomensaattorit tarkkaan, hygieeniseen ja hallittuun lash lift- ja ripsien v\u00e4rj\u00e4ysprosessiin.<\/p>\n<p>Ohuesta, valkoisesta ja perforoidusta materiaalista valmistetut kompensaattorit ovat kevyesti hengitt\u00e4vi\u00e4, mik\u00e4 mahdollistaa paremman ilmankierron k\u00e4sittelyn aikana. Perforoitu rakenne auttaa kompensaattoria mukautumaan tasaisesti ripsirajaan, parantaen kiinnittymist\u00e4 shieldiin tai silikonityynyyn sek\u00e4 v\u00e4hent\u00e4en ep\u00e4tasaisen k\u00e4sittelyn tai irtoamisen riski\u00e4.<\/p>\n<p>Sopii k\u00e4ytett\u00e4v\u00e4ksi:<br \/>\n\u2022 Step 1 -vaiheessa<br \/>\n\u2022 Step 2 -vaiheessa<br \/>\n\u2022 Ripsien v\u00e4rj\u00e4yksen aikana<\/p>\n<p>Paperikomensaattorit auttavat varmistamaan tasaisen tuotteen levityksen ja yhten\u00e4isen lopputuloksen lash lift -k\u00e4sittelyiss\u00e4.<\/p>\n<p>Pakkaus sis\u00e4lt\u00e4\u00e4 noin 500 kertak\u00e4ytt\u00f6ist\u00e4 kompensaattoria k\u00e4yt\u00e4nn\u00f6llisess\u00e4 rasiassa, mik\u00e4 tekee tuotteesta t\u00e4ydellisen kiireisiin salonkeihin ja lash lift -ammattilaisille, jotka arvostavat hygieniaa, tarkkuutta ja luotettavia tuloksia.<\/p>\n<p>Tuotteen ominaisuudet:<br \/>\n\u2022 Kertak\u00e4ytt\u00f6inen ja hygieeninen<br \/>\n\u2022 Ohut perforoitu hengitt\u00e4v\u00e4 materiaali<br \/>\n\u2022 Parantaa kiinnittymist\u00e4 shieldiin<br \/>\n\u2022 Auttaa luomaan tasaisen taivutuksen<br \/>\n\u2022 Sopii lash lift- ja v\u00e4rj\u00e4ysk\u00e4sittelyihin<br \/>\n\u2022 Noin 500 kpl pakkauksessa<br \/>\n\u2022 Ammattik\u00e4ytt\u00f6\u00f6n<\/p>\n<p>\u2728 T\u00e4ydellinen valinta ammattilaiselle, joka arvostaa tarkkaa ty\u00f6skentely\u00e4, puhtautta ja laadukasta lopputulosta.<\/p>\n","protected":false},"featured_media":41901,"comment_status":"open","ping_status":"closed","template":"","meta":{"_monsterinsights_skip_tracking":false,"_monsterinsights_sitenote_active":false,"_monsterinsights_sitenote_note":"","_monsterinsights_sitenote_category":0},"product_brand":[],"product_cat":[475,1249,546,544],"product_tag":[],"class_list":{"0":"post-41908","1":"product","2":"type-product","3":"status-publish","4":"has-post-thumbnail","6":"product_cat-ripset","7":"product_cat-korean-lash-lift-fi","8":"product_cat-ripsien-tarvikkeet","9":"product_cat-tarvikkeet-fi","10":"pa_brand-maxymova-fi","12":"first","13":"instock","14":"taxable","15":"shipping-taxable","16":"purchasable","17":"product-type-simple"},"_links":{"self":[{"href":"https:\/\/pomello.ee\/fi\/wp-json\/wp\/v2\/product\/41908","targetHints":{"allow":["GET"]}}],"collection":[{"href":"https:\/\/pomello.ee\/fi\/wp-json\/wp\/v2\/product"}],"about":[{"href":"https:\/\/pomello.ee\/fi\/wp-json\/wp\/v2\/types\/product"}],"replies":[{"embeddable":true,"href":"https:\/\/pomello.ee\/fi\/wp-json\/wp\/v2\/comments?post=41908"}],"wp:featuredmedia":[{"embeddable":true,"href":"https:\/\/pomello.ee\/fi\/wp-json\/wp\/v2\/media\/41901"}],"wp:attachment":[{"href":"https:\/\/pomello.ee\/fi\/wp-json\/wp\/v2\/media?parent=41908"}],"wp:term":[{"taxonomy":"product_brand","embeddable":true,"href":"https:\/\/pomello.ee\/fi\/wp-json\/wp\/v2\/product_brand?post=41908"},{"taxonomy":"product_cat","embeddable":true,"href":"https:\/\/pomello.ee\/fi\/wp-json\/wp\/v2\/product_cat?post=41908"},{"taxonomy":"product_tag","embeddable":true,"href":"https:\/\/pomello.ee\/fi\/wp-json\/wp\/v2\/product_tag?post=41908"}],"curies":[{"name":"wp","href":"https:\/\/api.w.org\/{rel}","templated":true}]}}