{"id":38420,"date":"2025-12-06T13:56:06","date_gmt":"2025-12-06T11:56:06","guid":{"rendered":"https:\/\/pomello.ee\/?post_type=product&#038;p=38420"},"modified":"2025-12-13T09:14:40","modified_gmt":"2025-12-13T07:14:40","slug":"hudraulilise-pumbaga-universaalne-kliendivoodi-valge-210","status":"publish","type":"product","link":"https:\/\/pomello.ee\/ru\/toode\/hudraulilise-pumbaga-universaalne-kliendivoodi-valge-210\/","title":{"rendered":"H\u00fcdraulilise pumbaga universaalne kliendivoodi Valge 210"},"content":{"rendered":"<h3 data-start=\"38\" data-end=\"68\"><strong data-start=\"38\" data-end=\"68\">Lihtsus ja funktsionaalsus<\/strong><\/h3>\n<p data-start=\"70\" data-end=\"349\">H\u00fcdraulikaga varustatud p\u00f6\u00f6rlev kosmeetikatool on praktiline sisustuselement, mis sobib kasutamiseks paljudes spetsialiseeritud salongides \u2013 ilu-, massaa\u017ei- ja tattoostuudiotes. See on ideaalne valik neile, kes otsivad lihtsat, t\u00f6\u00f6kindlat ja funktsionaalset kosmeetikam\u00f6\u00f6blit.<\/p>\n<p><img decoding=\"async\" src=\"https:\/\/activeshop.com.pl\/media\/wysiwyg\/product\/141140\/EN_141140_2.jpg\" alt=\"\"><\/p>\n<h3 data-start=\"67\" data-end=\"112\"><strong data-start=\"67\" data-end=\"112\">Funktsionaalsed lahendused mugavaks t\u00f6\u00f6ks<\/strong><\/h3>\n<p data-start=\"114\" data-end=\"413\">Iste k\u00f5rgust saab h\u00fcdraulilise pumba abil reguleerida vahemikus 65\u201379 cm, ilma k\u00e4si kasutamata. See v\u00f5imaldab tooli mugavalt kasutada erineva pikkusega inimestel ning kohandada see nii kliendi kui ka protseduuri tegija individuaalsete vajaduste j\u00e4rgi. Kasutatav mehhanism on vastupidav ja t\u00f6\u00f6kindel.<\/p>\n<p data-start=\"415\" data-end=\"579\">T\u00e4nu \u00f5igesti vormitud padja alla peidetud avausele peatuges sobib tool suurep\u00e4raselt ka seljal l\u00e4bi viidavate protseduuride jaoks, nagu massaa\u017eid v\u00f5i t\u00e4toveerimine.<\/p>\n<p>&nbsp;<\/p>\n<h3 data-start=\"64\" data-end=\"82\"><strong data-start=\"64\" data-end=\"82\">Kasutusmugavus<\/strong><\/h3>\n<p data-start=\"84\" data-end=\"486\">Tool saab p\u00f6\u00f6rata \u00fcmber oma telje, mis v\u00f5imaldab seda kiiresti ja mugavalt kohandada vastavalt parajasti teostatavale protseduurile. H\u00fcdraulikal on sisseehitatud lukustuss\u00fcsteem, mis tagab, et valitud asend p\u00fcsib stabiilselt paigal. K\u00e4sitoed pakuvad head tuge ning neid saab vajadusel lihtsalt eemaldada. Kaheks jaotatud ning liikuvad k\u00e4etoed asetuvad seljatoe asendi muutmisel loomulikult ja mugavalt.<\/p>\n<p><img decoding=\"async\" src=\"https:\/\/activeshop.com.pl\/media\/wysiwyg\/product\/141140\/EN_141140_4.jpg\" alt=\"\"><\/p>\n<h3 data-start=\"38\" data-end=\"79\"><strong data-start=\"38\" data-end=\"79\">Kallutusnurkade k\u00e4sitsi reguleerimine<\/strong><\/h3>\n<p data-start=\"81\" data-end=\"435\">Spetsiaalsete hoobade abil saab sujuvalt ja astmeteta reguleerida nii jalatoe kui ka seljatoe kallutusnurki. See v\u00f5imaldab kohandada tooli t\u00e4pselt kasutaja individuaalsete vajaduste j\u00e4rgi, tagades mugava t\u00f6\u00f6asendi ja kasutusmugavuse protseduuride ajal. Tooli saab t\u00e4ielikult lahti voltida lamamisasendisse, mis suurendab oluliselt selle funktsionaalsust.<\/p>\n<p>&nbsp;<\/p>\n<h3 data-start=\"38\" data-end=\"70\"><strong data-start=\"38\" data-end=\"70\">Moodne disain ja ergonoomika<\/strong><\/h3>\n<p data-start=\"72\" data-end=\"450\">Tool on t\u00e4idetud paraja tugevusega vahuga ja kaetud poolmati roosades toonides kunstnahaga. T\u00e4nu sellele materjalile on tool mugav kasutada, niiskuskindel ja lihtsasti puhastatav. H\u00e4sti vormitud \u00e4\u00e4red annavad istmele ergonoomilise kuju. Tugev konstruktsioon tagab vastupidavuse ja stabiilsuse. Lihtne disain ja klassikalised v\u00e4rvid v\u00f5imaldavad toolil sobituda igasse interj\u00f6\u00f6ri.<\/p>\n<p><iframe loading=\"lazy\" title=\"Hydraulic cosmetic chair Basic 210\" width=\"500\" height=\"281\" src=\"https:\/\/www.youtube.com\/embed\/KmXU4GtTtGU?feature=oembed&#038;enablejsapi=1&#038;origin=https:\/\/pomello.ee\" frameborder=\"0\" allow=\"accelerometer; autoplay; clipboard-write; encrypted-media; gyroscope; picture-in-picture; web-share\" referrerpolicy=\"strict-origin-when-cross-origin\" allowfullscreen><\/iframe><\/p>\n","protected":false},"excerpt":{"rendered":"<h3 data-start=\"157\" data-end=\"244\"><strong data-start=\"159\" data-end=\"244\">H\u00fcdraulilise pumbaga universaalne kliendivoodi \u2013 mugav, stiilne ja funktsionaalne valik ilusalongile<\/strong><\/h3>\n<p data-start=\"246\" data-end=\"589\">See h\u00fcdrauliline kosmeetikatool on loodud ilutegijatele, kes hindavad mugavust, t\u00f6\u00f6kindlust ja kaasaegset disaini. Tooli pehme vahut\u00e4idis ja roosades toonides s\u00fcnteetiline nahk pakuvad nii kliendile kui ka meistrile meeldivat kasutuskogemust. Poolmatt viimistlus on lihtsasti puhastatav, niiskuskindel ja sobib intensiivsesse salongikasutusse.<\/p>\n<p data-start=\"591\" data-end=\"926\">Tooli saab sujuvalt k\u00e4sitsi reguleerida \u2013 seljatuge ja jalatuge saab kohandada t\u00e4pselt vajadustele vastavaks. H\u00fcdrauliline mehhanism v\u00f5imaldab istme k\u00f5rgust muuta, pakkudes mugavust erineva pikkusega meistritele. T\u00e4nu stabiilsele konstruktsioonile saab tooli kiirelt kohandada iga protseduuri jaoks.<\/p>\n<p data-start=\"928\" data-end=\"1069\">Peatugi peidab endas spetsiaalset avausega patja, mis muudab tooli sobivaks ka seljal tehtavate hoolduste, massaa\u017eide ja t\u00e4toveerimiste ajal.<\/p>\n<h3 data-start=\"1076\" data-end=\"1096\"><strong data-start=\"1079\" data-end=\"1096\">Toote eelised<\/strong><\/h3>\n<ul data-start=\"1097\" data-end=\"1475\">\n<li data-start=\"1143\" data-end=\"1197\">\n<p data-start=\"1145\" data-end=\"1197\">Lihtsasti puhastatav, vastupidav s\u00fcnteetiline nahk<\/p>\n<\/li>\n<li data-start=\"1198\" data-end=\"1246\">\n<p data-start=\"1200\" data-end=\"1246\">Ergonomiline vahtpolster mugavaks toestuseks<\/p>\n<\/li>\n<li data-start=\"1247\" data-end=\"1296\">\n<p data-start=\"1249\" data-end=\"1296\">H\u00fcdrauliline k\u00f5rguse reguleerimine (65\u201379 cm)<\/p>\n<\/li>\n<li data-start=\"1297\" data-end=\"1348\">\n<p data-start=\"1299\" data-end=\"1348\">Seljatoe ja jalatoe sujuv k\u00e4sitsi reguleerimine<\/p>\n<\/li>\n<li data-start=\"1385\" data-end=\"1421\">\n<p data-start=\"1387\" data-end=\"1421\">Eemaldatavad ja liikuvad k\u00e4etoed<\/p>\n<\/li>\n<li data-start=\"1422\" data-end=\"1475\">\n<p data-start=\"1424\" data-end=\"1475\">Sobib ilusalongidele, massaa\u017eiks, t\u00e4toveerimiseks<\/p>\n<\/li>\n<\/ul>\n<h3 data-start=\"1482\" data-end=\"1506\"><strong data-start=\"1485\" data-end=\"1506\">Komplekt sisaldab<\/strong><\/h3>\n<ul data-start=\"1507\" data-end=\"1646\">\n<li data-start=\"1507\" data-end=\"1537\">\n<p data-start=\"1509\" data-end=\"1537\">iste seljatoe ja jalatoega<\/p>\n<\/li>\n<li data-start=\"1538\" data-end=\"1560\">\n<p data-start=\"1540\" data-end=\"1560\">k\u00e4etugede komplekt<\/p>\n<\/li>\n<li data-start=\"1561\" data-end=\"1585\">\n<p data-start=\"1563\" data-end=\"1585\">avausega peatugipadi<\/p>\n<\/li>\n<li data-start=\"1586\" data-end=\"1611\">\n<p data-start=\"1588\" data-end=\"1611\">alusraam h\u00fcdraulikaga<\/p>\n<\/li>\n<li data-start=\"1612\" data-end=\"1646\">\n<p data-start=\"1614\" data-end=\"1646\">paigaldus- ja kinnituskomplekt<\/p>\n<\/li>\n<\/ul>\n<h3 data-start=\"1653\" data-end=\"1677\"><strong data-start=\"1656\" data-end=\"1677\">Tehnilised andmed<\/strong><\/h3>\n<ul data-start=\"1678\" data-end=\"1875\">\n<li data-start=\"1678\" data-end=\"1700\">\n<p data-start=\"1680\" data-end=\"1700\">T\u00fc\u00fcp: h\u00fcdrauliline<\/p>\n<\/li>\n<li data-start=\"1701\" data-end=\"1720\">\n<p data-start=\"1703\" data-end=\"1720\">Aktuaatoreid: 1<\/p>\n<\/li>\n<li data-start=\"1721\" data-end=\"1749\">\n<p data-start=\"1723\" data-end=\"1749\">Raami v\u00e4rv: valge toonid<\/p>\n<\/li>\n<li data-start=\"1750\" data-end=\"1794\">\n<p data-start=\"1752\" data-end=\"1794\">Polster: valge, s\u00fcnteetiline nahk<\/p>\n<\/li>\n<li data-start=\"1795\" data-end=\"1822\">\n<p data-start=\"1797\" data-end=\"1822\">T\u00e4idis: vastupidav vaht<\/p>\n<\/li>\n<li data-start=\"1823\" data-end=\"1853\">\n<p data-start=\"1825\" data-end=\"1853\">Pikkus t\u00e4isavatuna: 184 cm<\/p>\n<\/li>\n<li data-start=\"1854\" data-end=\"1875\">\n<p data-start=\"1856\" data-end=\"1875\">Garantii: 12 kuud<\/p>\n<\/li>\n<\/ul>\n<h3><strong>Tehnilised detailid:<\/strong><\/h3>\n<p>&#8212; t\u00e4ismass (k\u00f5ik kastid) 70 kg<br \/>\n&#8212; pakendite arv: 2 (kastid 2 ja 3 on kokku pakitud)<br \/>\n&#8212; pakendi m\u00f5\u00f5dud: 116 x 44 x 65 cm ja 108 x 8 x 58 cm<\/p>\n","protected":false},"featured_media":38421,"comment_status":"open","ping_status":"closed","template":"","meta":{"_monsterinsights_skip_tracking":false,"_monsterinsights_sitenote_active":false,"_monsterinsights_sitenote_note":"","_monsterinsights_sitenote_category":0},"product_brand":[],"product_cat":[1570],"product_tag":[1579],"class_list":{"0":"post-38420","1":"product","2":"type-product","3":"status-publish","4":"has-post-thumbnail","6":"product_cat-salongisisustus-ja-moobel","7":"product_tag-installation","8":"pa_brand-active","9":"pa_varv-valge","11":"first","12":"instock","13":"taxable","14":"shipping-taxable","15":"purchasable","16":"product-type-simple"},"_links":{"self":[{"href":"https:\/\/pomello.ee\/ru\/wp-json\/wp\/v2\/product\/38420","targetHints":{"allow":["GET"]}}],"collection":[{"href":"https:\/\/pomello.ee\/ru\/wp-json\/wp\/v2\/product"}],"about":[{"href":"https:\/\/pomello.ee\/ru\/wp-json\/wp\/v2\/types\/product"}],"replies":[{"embeddable":true,"href":"https:\/\/pomello.ee\/ru\/wp-json\/wp\/v2\/comments?post=38420"}],"wp:featuredmedia":[{"embeddable":true,"href":"https:\/\/pomello.ee\/ru\/wp-json\/wp\/v2\/media\/38421"}],"wp:attachment":[{"href":"https:\/\/pomello.ee\/ru\/wp-json\/wp\/v2\/media?parent=38420"}],"wp:term":[{"taxonomy":"product_brand","embeddable":true,"href":"https:\/\/pomello.ee\/ru\/wp-json\/wp\/v2\/product_brand?post=38420"},{"taxonomy":"product_cat","embeddable":true,"href":"https:\/\/pomello.ee\/ru\/wp-json\/wp\/v2\/product_cat?post=38420"},{"taxonomy":"product_tag","embeddable":true,"href":"https:\/\/pomello.ee\/ru\/wp-json\/wp\/v2\/product_tag?post=38420"}],"curies":[{"name":"wp","href":"https:\/\/api.w.org\/{rel}","templated":true}]}}