{"id":38433,"date":"2025-12-07T15:37:11","date_gmt":"2025-12-07T13:37:11","guid":{"rendered":"https:\/\/pomello.ee\/?post_type=product&#038;p=38433"},"modified":"2025-12-07T16:22:13","modified_gmt":"2025-12-07T14:22:13","slug":"led-yoga-pro-protseduurilamp-22w","status":"publish","type":"product","link":"https:\/\/pomello.ee\/ru\/toode\/led-yoga-pro-protseduurilamp-22w\/","title":{"rendered":"LED Yoga Pro protseduurilamp 22W"},"content":{"rendered":"<p><img decoding=\"async\" src=\"https:\/\/activeshop.com.pl\/media\/wysiwyg\/product\/148578\/EN_148578_2.jpg\" alt=\"\"><\/p>\n<h3 data-start=\"68\" data-end=\"94\"><strong data-start=\"68\" data-end=\"94\">Varjuta kosmeetikalamp<\/strong><\/h3>\n<p data-start=\"96\" data-end=\"328\">Praktiline LED Yoga protseduurilamp \u2013 mida saab kinnitada lauaplaadile v\u00f5i kasutada k\u00f5rgel alusel \u2013 on varustatud liigendiga peaga. Lamp tagab ereda ja \u00fchtlase valgustuse, mis on h\u00e4davajalik t\u00e4psust n\u00f5udvate protseduuride tegemisel.<\/p>\n<p data-start=\"330\" data-end=\"524\">See sobib suurep\u00e4raselt salongidele ja spetsialistidele, kelle t\u00f6\u00f6 kvaliteet s\u00f5ltub \u00f5igetest valgustingimustest, nagu ripsmepikendused, k\u00fc\u00fcnedisain, iluhooldused, t\u00e4toveerimine ja jumestamine.<\/p>\n<p data-start=\"526\" data-end=\"667\">Lisaks on see ideaalne t\u00f6\u00f6vahend sotsiaalmeedia sisu loomiseks \u2013 lamp toimib suurep\u00e4raselt nii fotode tegemisel kui ka videote salvestamisel.<\/p>\n<p><img decoding=\"async\" src=\"https:\/\/activeshop.com.pl\/media\/wysiwyg\/product\/148578\/EN_148578_3.jpg\" alt=\"\"><\/p>\n<h3 data-start=\"80\" data-end=\"122\"><strong data-start=\"80\" data-end=\"122\">Innovatiivne, reguleeritav valgustipea<\/strong><\/h3>\n<p data-start=\"124\" data-end=\"411\">Lampidelementide p\u00f6\u00f6ramise ja painutamise v\u00f5imalus v\u00f5imaldab valgust t\u00e4pselt vastavalt vajadusele suunata, tagades protseduuriala ideaalse valgustuse. LED-dioodidega t\u00e4idetud profiil annab tugeva ja \u00fchtlase valguse, mis lihtsustab t\u00f6\u00f6d ning pakub mugavust nii meistrile kui ka kliendile.<\/p>\n<p data-start=\"413\" data-end=\"619\">Pooll\u00e4bipaistev paneel hajutab valguse \u00fchtlaselt, v\u00e4ltides silmade pimestamist. Valguse v\u00e4rvuse ja intensiivsuse reguleerimine tagab t\u00e4pse v\u00e4rviedastuse ja v\u00e4hendab silmade v\u00e4simust ka pikema t\u00f6\u00f6 jooksul.<\/p>\n<p data-start=\"621\" data-end=\"748\">Lai valgustipea liikumisulatus v\u00f5imaldab seadistada valguse t\u00e4pselt vastavalt isiklikule eelistusele ja konkreetsele teenusele.<\/p>\n<p><img decoding=\"async\" src=\"https:\/\/activeshop.com.pl\/media\/wysiwyg\/product\/148578\/EN_148578_4.jpg\" alt=\"\"><\/p>\n<h3 data-start=\"68\" data-end=\"98\"><strong data-start=\"68\" data-end=\"98\">Laiad kohandamisv\u00f5imalused<\/strong><\/h3>\n<p data-start=\"100\" data-end=\"371\">Liikuvad lampipea osad pakuvad suurep\u00e4rast paindlikkust, v\u00f5imaldades valguse t\u00e4pset suunamist vastavalt teostatava protseduuri n\u00f5uetele. Jalga ja lampelemente saab reguleerida intuitiivselt t\u00e4nu liigenditele, millel on lai liikumisulatus ja peaaegu t\u00e4ielik p\u00f6\u00f6ramisv\u00f5ime.<\/p>\n<p data-start=\"373\" data-end=\"529\">See v\u00f5imaldab lampi lihtsalt kohandada nii kasutaja individuaalsete vajaduste kui ka konkreetse teenuse j\u00e4rgi, tagades t\u00f6\u00f6alale alati optimaalne valgustuse.<\/p>\n<p><img decoding=\"async\" src=\"https:\/\/activeshop.com.pl\/media\/wysiwyg\/product\/148578\/EN_148578_5.jpg\" alt=\"\"><\/p>\n<h3 data-start=\"92\" data-end=\"142\"><strong data-start=\"92\" data-end=\"142\">Valguse v\u00e4rvuse ja intensiivsuse reguleerimine<\/strong><\/h3>\n<p data-start=\"144\" data-end=\"463\">Valguse v\u00e4rvust ja tugevust saab t\u00e4pselt reguleerida lampipeal asuva puutepaneeli v\u00f5i komplektis oleva juhtmevaba puldiga. Saadaval on 5 taset nii valguse intensiivsuse kui ka v\u00e4rvustemperatuuri jaoks (k\u00fclm, neutraalne, soe). Kasutaja v\u00f5ib valida, milline paneel parasjagu t\u00f6\u00f6tab \u2013 \u00fclemine, alumine v\u00f5i m\u00f5lemad korraga.<\/p>\n<p data-start=\"465\" data-end=\"762\">Lambil on ka taimerre\u017eiim: 25 minutit t\u00f6\u00f6tamist ja 5 minutit pausi. Pika vajutusega aktiveerub automaatne v\u00e4ljal\u00fclitus 60 sekundi p\u00e4rast. Puutepaneel v\u00f5imaldab kiirelt valida Sunlight re\u017eiimi (4000K, 100% intensiivsus), samas kui pult pakub lisaks Focus (5500K, 80%) ja Relax (3000K, 40%) s\u00e4tteid.<\/p>\n<h3 data-start=\"769\" data-end=\"804\"><strong data-start=\"769\" data-end=\"804\">Lihtne kinnitamine lauaplaadile<\/strong><\/h3>\n<p data-start=\"806\" data-end=\"1176\">Lamp on varustatud kruustangi t\u00fc\u00fcpi kinnitusega, mis v\u00f5imaldab selle kiiresti ja mugavalt lauaplaadile paigaldada. Maksimaalne avamisulatus on 5,5 cm, t\u00e4nu millele sobib see enamiku t\u00f6\u00f6pindadega. Kinnituse mitmek\u00fclgsed asendiv\u00f5imalused annavad suure paindlikkuse ja v\u00f5imaldavad t\u00e4pselt seadistada lambi asendit. Nii on lihtne luua just enda vajadustele vastav valgustus.<\/p>\n<p><img decoding=\"async\" src=\"https:\/\/activeshop.com.pl\/media\/wysiwyg\/product\/148578\/EN_148578_6.jpg\" alt=\"\"><\/p>\n<h3 data-start=\"79\" data-end=\"115\"><strong data-start=\"79\" data-end=\"115\">Moodne disain ja funktsionaalsus<\/strong><\/h3>\n<p data-start=\"117\" data-end=\"425\">Lihtne alumiiniumkorpus poleeritud viimistlusega annab lambile futuristliku v\u00e4limuse, mis sobitub suurep\u00e4raselt peaaegu igasse interj\u00f6\u00f6ri. Kruustangi t\u00fc\u00fcpi kinnitus v\u00f5imaldab lampi stabiilselt ja mugavalt lauaplaadile paigaldada, samas kui 135 cm k\u00f5rgune statiiv tagab vajaliku kasutusmugavuse.<\/p>\n<p data-start=\"427\" data-end=\"585\">Lambi sile pind muudab selle puhastamise eriti lihtsaks, v\u00e4listades raskesti ligip\u00e4\u00e4setavad kohad ja tagades laitmatu h\u00fcgieeni ka intensiivse kasutuse korral.<\/p>\n<p><iframe loading=\"lazy\" title=\"Led lamp  Yoga treatment 22W\" width=\"500\" height=\"281\" src=\"https:\/\/www.youtube.com\/embed\/PxzNh5XPB7s?feature=oembed&#038;enablejsapi=1&#038;origin=https:\/\/pomello.ee\" frameborder=\"0\" allow=\"accelerometer; autoplay; clipboard-write; encrypted-media; gyroscope; picture-in-picture; web-share\" referrerpolicy=\"strict-origin-when-cross-origin\" allowfullscreen><\/iframe><\/p>\n","protected":false},"excerpt":{"rendered":"<h1 data-start=\"63\" data-end=\"113\"><strong data-start=\"65\" data-end=\"113\">LED Yoga Pro protseduurilamp \u2013 must v\u00f5i h\u00f5be<\/strong><\/h1>\n<p data-start=\"115\" data-end=\"362\">LED Yoga Pro on varjuta ja tugev valgusallikas, mis sobib ideaalselt ripsmete, kulmude, k\u00fc\u00fcnte, t\u00e4toveerimise ja muude t\u00e4ppisprotseduuride jaoks. Lampi saab paindlikult reguleerida, p\u00f6\u00f6rata ja kallutada, et suunata valgus t\u00e4pselt sinna, kuhu vaja.<\/p>\n<p data-start=\"364\" data-end=\"600\">Valgust saab muuta nii intensiivsuse kui ka v\u00e4rvustemperatuuri j\u00e4rgi (k\u00fclm, neutraalne, soe). Lampi saab juhtida puutepaneelilt v\u00f5i kaasa tuleva puldiga.<br data-start=\"517\" data-end=\"520\" \/>Komplektis on lauakinnitus ja 135 cm statiiv, mis annavad mitu kasutusv\u00f5imalust.<\/p>\n<p data-start=\"602\" data-end=\"642\"><strong data-start=\"38\" data-end=\"60\">Komplekt sisaldab:<\/strong> lampipea, toitejuhe, raam, kruustangi-t\u00fc\u00fcpi kinnitus, juhtmevaba pult, kasutusjuhend.<\/p>\n<p data-start=\"602\" data-end=\"642\"><strong data-start=\"602\" data-end=\"642\">Saadaval kahes toonis: must ja h\u00f5be.<\/strong><\/p>\n","protected":false},"featured_media":38468,"comment_status":"open","ping_status":"closed","template":"","meta":{"_monsterinsights_skip_tracking":false,"_monsterinsights_sitenote_active":false,"_monsterinsights_sitenote_note":"","_monsterinsights_sitenote_category":0},"product_brand":[],"product_cat":[1570],"product_tag":[],"class_list":{"0":"post-38433","1":"product","2":"type-product","3":"status-publish","4":"has-post-thumbnail","6":"product_cat-salongisisustus-ja-moobel","7":"pa_brand-active","8":"pa_varv-hobe","9":"pa_varv-must","11":"first","12":"instock","13":"taxable","14":"shipping-taxable","15":"purchasable","16":"product-type-variable"},"_links":{"self":[{"href":"https:\/\/pomello.ee\/ru\/wp-json\/wp\/v2\/product\/38433","targetHints":{"allow":["GET"]}}],"collection":[{"href":"https:\/\/pomello.ee\/ru\/wp-json\/wp\/v2\/product"}],"about":[{"href":"https:\/\/pomello.ee\/ru\/wp-json\/wp\/v2\/types\/product"}],"replies":[{"embeddable":true,"href":"https:\/\/pomello.ee\/ru\/wp-json\/wp\/v2\/comments?post=38433"}],"wp:featuredmedia":[{"embeddable":true,"href":"https:\/\/pomello.ee\/ru\/wp-json\/wp\/v2\/media\/38468"}],"wp:attachment":[{"href":"https:\/\/pomello.ee\/ru\/wp-json\/wp\/v2\/media?parent=38433"}],"wp:term":[{"taxonomy":"product_brand","embeddable":true,"href":"https:\/\/pomello.ee\/ru\/wp-json\/wp\/v2\/product_brand?post=38433"},{"taxonomy":"product_cat","embeddable":true,"href":"https:\/\/pomello.ee\/ru\/wp-json\/wp\/v2\/product_cat?post=38433"},{"taxonomy":"product_tag","embeddable":true,"href":"https:\/\/pomello.ee\/ru\/wp-json\/wp\/v2\/product_tag?post=38433"}],"curies":[{"name":"wp","href":"https:\/\/api.w.org\/{rel}","templated":true}]}}