{"id":38589,"date":"2025-12-10T14:22:49","date_gmt":"2025-12-10T12:22:49","guid":{"rendered":"https:\/\/pomello.ee\/?post_type=product&#038;p=38589"},"modified":"2025-12-13T09:08:03","modified_gmt":"2025-12-13T07:08:03","slug":"kokkupandav-massaazilaud-kaheosaline-roosa","status":"publish","type":"product","link":"https:\/\/pomello.ee\/ru\/toode\/kokkupandav-massaazilaud-kaheosaline-roosa\/","title":{"rendered":"Kokkupandav massaa\u017eilaud kaheosaline Roosa"},"content":{"rendered":"<h3 data-start=\"38\" data-end=\"89\"><strong data-start=\"38\" data-end=\"89\">Mugav massaa\u017eilaud<\/strong><\/h3>\n<p data-start=\"91\" data-end=\"490\">Activ Fizjo Komfort kokkupandav puidust massaa\u017eilaud on kaheosaline mudel roosades toonides polstriga, mis sobib suurep\u00e4raselt massaa\u017eisalongi, f\u00fcsioterapeudile ning paljudesse teistesse spetsialiseeritud praktikatesse. Laud ei v\u00f5ta palju ruumi ning t\u00e4nu lihtsale ja kiirele kokkupanekule, kergele konstruktsioonile ja komplektis olevale kandekotile on see ideaalne valik ka mobiilsetele teenustele.<\/p>\n<p><img decoding=\"async\" src=\"https:\/\/activeshop.com.pl\/media\/wysiwyg\/product\/147201\/EN_147201_2.jpg\" alt=\"\"><\/p>\n<h3 data-start=\"64\" data-end=\"118\"><strong data-start=\"64\" data-end=\"118\">Kahekordne k\u00f5rguse reguleerimise lukustusmehhanism<\/strong><\/h3>\n<p data-start=\"120\" data-end=\"393\">Laua k\u00f5rgust saab kohandada vastavalt terapeudi pikkusele ja vajadustele, kasutades lauajalgadel asuvaid keeratavaid nuppe. Iga nupp koosneb kahest omavahel sobivast osast \u2013 p\u00e4rast sobiva k\u00f5rguse valimist tuleb need lihtsalt \u00f5igesse avasse keerata, et laud oleks stabiilne.<\/p>\n<p data-start=\"395\" data-end=\"715\">Laua k\u00fclgedel olevad puidust paneelid \u00fchendavad ja stabiliseerivad jalgu ning on paigutatud nii, et v\u00f5imaldavad mugavat t\u00f6\u00f6tamist igas asendis, ka siis, kui f\u00fcsioterapeut istub laua \u00e4\u00e4res. Lisaks tugevdavad metallkaablid raami konstruktsiooni, muutes massaa\u017eilaua vastupidavaks ja sobivaks v\u00e4ga erinevate teenuste jaoks.<\/p>\n<p>&nbsp;<\/p>\n<p><img decoding=\"async\" src=\"https:\/\/activeshop.com.pl\/media\/wysiwyg\/product\/147201\/EN_147201_3.jpg\" alt=\"\"><\/p>\n<h3 data-start=\"67\" data-end=\"114\"><strong data-start=\"67\" data-end=\"114\">Mugavus seljal tehtavate protseduuride ajal<\/strong><\/h3>\n<p data-start=\"116\" data-end=\"425\">Kasutusmugavuse suurendamiseks kuulub komplekti kergesti reguleeritav ergonoomiline peatugi, mis pakub suurep\u00e4rast toetust pea piirkonnas protseduuride ajal. Peatoe kallet saab reguleerida kahes suunas, mis v\u00f5imaldab seda t\u00e4pselt kohandada vastavalt kliendi vajadustele ja parajasti tehtava teenuse erip\u00e4rale.<\/p>\n<p data-start=\"427\" data-end=\"636\">Peatuge saab vajadusel lihtsasti eemaldada ning seljal tehtavate protseduuride korral kasutada laua pinnas olevat spetsiaalset n\u00e4oava. Kui ava ei kasutata, saab selle komplektis oleva kattega mugavalt sulgeda.<\/p>\n<p><img decoding=\"async\" src=\"https:\/\/activeshop.com.pl\/media\/wysiwyg\/product\/147201\/EN_147201_4.jpg\" alt=\"\"><\/p>\n<h3 data-start=\"79\" data-end=\"113\"><strong data-start=\"79\" data-end=\"113\">Ergonoomiline tugi k\u00e4sivartele<\/strong><\/h3>\n<p data-start=\"115\" data-end=\"418\">S\u00f5ltumata sellest, millist protseduuri tehakse v\u00f5i millises asendis klient parajasti on, on v\u00e4ga oluline, et k\u00e4sivarred oleks paigutatud \u00f5igesti \u2013 nii saab keha l\u00f5dvestuda, ilma et see segaks t\u00f6\u00f6 tegemist. Selle mudeli l\u00e4bim\u00f5eldud lahenduste hulka kuuluvad kergesti kinnitatavad ja eemaldatavad k\u00e4etoed.<\/p>\n<p data-start=\"420\" data-end=\"710\">Lisaks sisaldab komplekt spetsiaalset k\u00e4tealust, mis v\u00f5imaldab mugavalt toetada k\u00e4sivarsi ka pea all \u2013 eriti kasulik protseduuride ajal, kus klient lamab k\u00f5huli. Need lisad v\u00f5imaldavad massaa\u017eilauda kohandada erinevate teenuste jaoks ja tagavad k\u00f5rge mugavuse nii kliendile kui terapeudile.<\/p>\n<p><img decoding=\"async\" src=\"https:\/\/activeshop.com.pl\/media\/wysiwyg\/product\/147201\/EN_147201_5.jpg\" alt=\"\"><\/p>\n<h3 data-start=\"67\" data-end=\"115\"><strong data-start=\"67\" data-end=\"115\">Mugavad lahendused mobiilsete teenuste jaoks<\/strong><\/h3>\n<p data-start=\"117\" data-end=\"454\">Kerge konstruktsioon muudab massaa\u017eilaua h\u00f5lpsasti kaasaskantavaks, mist\u00f5ttu sobib see suurep\u00e4raselt mobiilsetele teenustele. Laud on lihtsasti ja kiiresti kokkupandav ning lahtiv\u00f5etav ning ei v\u00f5ta transpordil palju ruumi. Laua alumisel k\u00fcljel on spetsiaalsed rihmad lisatarvikute kinnitamiseks, et transport oleks mugavam ja turvalisem.<\/p>\n<p data-start=\"456\" data-end=\"753\">Laua k\u00fclgedele paigutatud k\u00e4epidemed v\u00f5imaldavad seda igal hetkel kergesti \u00fcmber t\u00f5sta. Komplekti kuulub ka spetsiaalne kandekott, mis mitte ainult ei h\u00f5lbusta transporti, vaid kaitseb lauda mustuse ja kahjustuste eest. Kattel on \u00f5larihm ja mugav k\u00e4epide, mis teevad kaasaskandmise eriti lihtsaks.<\/p>\n<p><img decoding=\"async\" src=\"https:\/\/activeshop.com.pl\/media\/wysiwyg\/product\/147201\/EN_147201_6.jpg\" alt=\"\"><\/p>\n<h3 data-start=\"79\" data-end=\"142\"><strong data-start=\"79\" data-end=\"142\">Energiat andev roosa toon muudab protseduurid nauditavamaks<\/strong><\/h3>\n<p data-start=\"144\" data-end=\"379\">Praktiline massaa\u017eilaud on kaetud meeldivalt pehme kunstnahaga erksas roosas toonis, mis lisab ruumile energiat ja loob klientidele positiivse meeleolu. Vastupidava ja \u00f5ige tihedusega vahtpolster tagab mugavuse kogu protseduuri v\u00e4ltel.<\/p>\n<p data-start=\"381\" data-end=\"606\">Kasutatud materjalid muudavad laua mugavaks, vastupidavaks, veekindlaks ja kergesti puhastatavaks. Tugevast puidust raam mustades toonides sobib suurep\u00e4raselt igasse interj\u00f6\u00f6ri, lisades ruumile isikup\u00e4ra ja professionaalsust.<\/p>\n<p><img decoding=\"async\" src=\"https:\/\/activeshop.com.pl\/media\/wysiwyg\/product\/147201\/EN_147201_7.jpg\" alt=\"\"><\/p>\n<p>&nbsp;<\/p>\n<p><iframe loading=\"lazy\" title=\"Folding massage tables  Activ Fizjo comfort 2 segment pink\" width=\"500\" height=\"281\" src=\"https:\/\/www.youtube.com\/embed\/M2JJ00m2VzA?feature=oembed&#038;enablejsapi=1&#038;origin=https:\/\/pomello.ee\" frameborder=\"0\" allow=\"accelerometer; autoplay; clipboard-write; encrypted-media; gyroscope; picture-in-picture; web-share\" referrerpolicy=\"strict-origin-when-cross-origin\" allowfullscreen><\/iframe><\/p>\n<p>&nbsp;<\/p>\n","protected":false},"excerpt":{"rendered":"<h2 data-start=\"153\" data-end=\"229\"><strong data-start=\"155\" data-end=\"229\">Kokkupandav massaa\u017eilaud \u2013 ideaalne ka ripsme- ja kulmutehnikutele<\/strong><\/h2>\n<p data-start=\"231\" data-end=\"543\">See kerge ja mugav kokkupandav protseduurilaud sobib suurep\u00e4raselt nii massaa\u017eisalongidesse, f\u00fcsioterapeutidele kui ka <strong data-start=\"350\" data-end=\"381\">ripsme- ja kulmutehnikutele<\/strong>, kes vajavad stabiilset ja mugavat t\u00f6\u00f6pinda. T\u00e4nu kiirele lahtiv\u00f5tmisele ja kokkupanemisele on see ideaalne kaaslane ka <strong data-start=\"502\" data-end=\"542\">koolitustel ja mobiilsetel teenustel<\/strong>.<\/p>\n<p data-start=\"545\" data-end=\"787\">Erksas roosas toonis kunstnahk on vastupidav, veekindel ja lihtsalt puhastatav. \u00d5ige tihedusega vahtpolster tagab kliendile mugavuse terve protseduuri v\u00e4ltel. Must puidust raam lisab professionaalset v\u00e4limust ja sobib igasse salongikeskkonda.<\/p>\n<p data-start=\"789\" data-end=\"926\">Praktiline konstruktsioon, kaasaskantavus ja ergonoomilised lisad teevad sellest laua, mis toetab igap\u00e4evast t\u00f6\u00f6d igas ilut\u00f6\u00f6 valdkonnas.<\/p>\n<p data-start=\"789\" data-end=\"926\"><strong data-start=\"55\" data-end=\"89\">T\u00e4psed m\u00f5\u00f5dud on toodud fotol.<\/strong><br data-start=\"89\" data-end=\"92\" \/><strong data-start=\"92\" data-end=\"114\">Komplekt sisaldab:<\/strong> massaa\u017eilauda, k\u00e4etugesid, reguleeritavat peatugi, k\u00e4tealust eesosas, katet n\u00e4oavale, kandekotti<\/p>\n","protected":false},"featured_media":38594,"comment_status":"open","ping_status":"closed","template":"","meta":{"_monsterinsights_skip_tracking":false,"_monsterinsights_sitenote_active":false,"_monsterinsights_sitenote_note":"","_monsterinsights_sitenote_category":0},"product_brand":[],"product_cat":[1570],"product_tag":[],"class_list":{"0":"post-38589","1":"product","2":"type-product","3":"status-publish","4":"has-post-thumbnail","6":"product_cat-salongisisustus-ja-moobel","7":"pa_brand-active","9":"first","10":"instock","11":"taxable","12":"shipping-taxable","13":"purchasable","14":"product-type-simple"},"_links":{"self":[{"href":"https:\/\/pomello.ee\/ru\/wp-json\/wp\/v2\/product\/38589","targetHints":{"allow":["GET"]}}],"collection":[{"href":"https:\/\/pomello.ee\/ru\/wp-json\/wp\/v2\/product"}],"about":[{"href":"https:\/\/pomello.ee\/ru\/wp-json\/wp\/v2\/types\/product"}],"replies":[{"embeddable":true,"href":"https:\/\/pomello.ee\/ru\/wp-json\/wp\/v2\/comments?post=38589"}],"wp:featuredmedia":[{"embeddable":true,"href":"https:\/\/pomello.ee\/ru\/wp-json\/wp\/v2\/media\/38594"}],"wp:attachment":[{"href":"https:\/\/pomello.ee\/ru\/wp-json\/wp\/v2\/media?parent=38589"}],"wp:term":[{"taxonomy":"product_brand","embeddable":true,"href":"https:\/\/pomello.ee\/ru\/wp-json\/wp\/v2\/product_brand?post=38589"},{"taxonomy":"product_cat","embeddable":true,"href":"https:\/\/pomello.ee\/ru\/wp-json\/wp\/v2\/product_cat?post=38589"},{"taxonomy":"product_tag","embeddable":true,"href":"https:\/\/pomello.ee\/ru\/wp-json\/wp\/v2\/product_tag?post=38589"}],"curies":[{"name":"wp","href":"https:\/\/api.w.org\/{rel}","templated":true}]}}