{"id":38892,"date":"2025-12-13T09:50:31","date_gmt":"2025-12-13T07:50:31","guid":{"rendered":"https:\/\/pomello.ee\/?post_type=product&#038;p=38892"},"modified":"2025-12-13T09:50:31","modified_gmt":"2025-12-13T07:50:31","slug":"professional-led-ring-light-48w","status":"publish","type":"product","link":"https:\/\/pomello.ee\/ru\/toode\/professional-led-ring-light-48w\/","title":{"rendered":"Professional LED Ring Light 48W"},"content":{"rendered":"","protected":false},"excerpt":{"rendered":"<h3 data-start=\"85\" data-end=\"149\"><strong data-start=\"89\" data-end=\"149\">Professional LED Ring Light 48W \u2013 T\u00e4iuslik valgus pildistamiseks ja meigiks<\/strong><\/h3>\n<p data-start=\"151\" data-end=\"478\">LED-ringlamp on ideaalne t\u00f6\u00f6vahend protseduurideks, fotograafiaks, detailsete objektide pildistamiseks ja makrofotoks. Selle \u00fchtlane ja pehme valgus muudab selle asendamatuks abiliseks meigikunstnikele, ilutegijatele ning sisuloojatele. Lamp tagab loomuliku v\u00e4rviedastuse ja pika t\u00f6\u00f6ea, mis on oluline professionaalse tulemuse saavutamiseks.<\/p>\n<p data-start=\"480\" data-end=\"720\">Stabiilsele metallist statiivile kinnitamine on lihtne ja mugav, v\u00f5imaldades seadistada valguse t\u00e4pselt soovitud nurga alla. Ringikujuline valgus hajutab varjud ja valgustab objekti \u00fchtlaselt igast k\u00fcljest \u2013 eraldi valgusallikaid pole vaja.<\/p>\n<h3 data-start=\"727\" data-end=\"755\"><strong data-start=\"731\" data-end=\"753\">Tehnilised andmed:<\/strong><\/h3>\n<ul data-start=\"756\" data-end=\"985\">\n<li data-start=\"756\" data-end=\"777\">\n<p data-start=\"758\" data-end=\"777\">V\u00f5imsus: <strong data-start=\"767\" data-end=\"775\">48 W<\/strong><\/p>\n<\/li>\n<li data-start=\"778\" data-end=\"810\">\n<p data-start=\"780\" data-end=\"810\">V\u00e4rvitemperatuur: <strong data-start=\"798\" data-end=\"808\">5500 K<\/strong><\/p>\n<\/li>\n<li data-start=\"811\" data-end=\"843\">\n<p data-start=\"813\" data-end=\"843\">Valgustugevuse reguleerimine<\/p>\n<\/li>\n<li data-start=\"844\" data-end=\"880\">\n<p data-start=\"846\" data-end=\"880\">Valguse v\u00e4rvitooni reguleerimine<\/p>\n<\/li>\n<li data-start=\"881\" data-end=\"901\">\n<p data-start=\"883\" data-end=\"901\">Telefonikinnitus<\/p>\n<\/li>\n<li data-start=\"902\" data-end=\"923\">\n<p data-start=\"904\" data-end=\"923\">L\u00e4bim\u00f5\u00f5t: <strong data-start=\"914\" data-end=\"921\">18&#8243;<\/strong><\/p>\n<\/li>\n<li data-start=\"924\" data-end=\"944\">\n<p data-start=\"926\" data-end=\"944\">Kaal: <strong data-start=\"932\" data-end=\"942\">3.5 kg<\/strong><\/p>\n<\/li>\n<li data-start=\"945\" data-end=\"985\">\n<p data-start=\"947\" data-end=\"985\">Reguleeritav kinnitusk\u00e4si statiivile<\/p>\n<\/li>\n<\/ul>\n<h3 data-start=\"992\" data-end=\"1013\"><strong data-start=\"996\" data-end=\"1011\">Komplektis:<\/strong><\/h3>\n<ul data-start=\"1014\" data-end=\"1169\">\n<li data-start=\"1014\" data-end=\"1042\">\n<p data-start=\"1016\" data-end=\"1042\">480 LED pirniga ringlamp<\/p>\n<\/li>\n<li data-start=\"1043\" data-end=\"1063\">\n<p data-start=\"1045\" data-end=\"1063\">Telefonikinnitus<\/p>\n<\/li>\n<li data-start=\"1064\" data-end=\"1108\">\n<p data-start=\"1066\" data-end=\"1108\">Reguleeritav statiiv (max k\u00f5rgus 185 cm)<\/p>\n<\/li>\n<li data-start=\"1109\" data-end=\"1136\">\n<p data-start=\"1111\" data-end=\"1136\">Lampi kaitsev kandekott<\/p>\n<\/li>\n<li data-start=\"1137\" data-end=\"1169\">\n<p data-start=\"1139\" data-end=\"1169\">Sisseehitatud valgusdiffusor<\/p>\n<\/li>\n<\/ul>\n","protected":false},"featured_media":38897,"comment_status":"open","ping_status":"closed","template":"","meta":{"_monsterinsights_skip_tracking":false,"_monsterinsights_sitenote_active":false,"_monsterinsights_sitenote_note":"","_monsterinsights_sitenote_category":0},"product_brand":[],"product_cat":[1570],"product_tag":[],"class_list":{"0":"post-38892","1":"product","2":"type-product","3":"status-publish","4":"has-post-thumbnail","6":"product_cat-salongisisustus-ja-moobel","7":"pa_brand-active","9":"first","10":"instock","11":"taxable","12":"shipping-taxable","13":"purchasable","14":"product-type-simple"},"_links":{"self":[{"href":"https:\/\/pomello.ee\/ru\/wp-json\/wp\/v2\/product\/38892","targetHints":{"allow":["GET"]}}],"collection":[{"href":"https:\/\/pomello.ee\/ru\/wp-json\/wp\/v2\/product"}],"about":[{"href":"https:\/\/pomello.ee\/ru\/wp-json\/wp\/v2\/types\/product"}],"replies":[{"embeddable":true,"href":"https:\/\/pomello.ee\/ru\/wp-json\/wp\/v2\/comments?post=38892"}],"wp:featuredmedia":[{"embeddable":true,"href":"https:\/\/pomello.ee\/ru\/wp-json\/wp\/v2\/media\/38897"}],"wp:attachment":[{"href":"https:\/\/pomello.ee\/ru\/wp-json\/wp\/v2\/media?parent=38892"}],"wp:term":[{"taxonomy":"product_brand","embeddable":true,"href":"https:\/\/pomello.ee\/ru\/wp-json\/wp\/v2\/product_brand?post=38892"},{"taxonomy":"product_cat","embeddable":true,"href":"https:\/\/pomello.ee\/ru\/wp-json\/wp\/v2\/product_cat?post=38892"},{"taxonomy":"product_tag","embeddable":true,"href":"https:\/\/pomello.ee\/ru\/wp-json\/wp\/v2\/product_tag?post=38892"}],"curies":[{"name":"wp","href":"https:\/\/api.w.org\/{rel}","templated":true}]}}