{"id":40170,"date":"2026-03-08T10:55:11","date_gmt":"2026-03-08T08:55:11","guid":{"rendered":"https:\/\/pomello.ee\/?post_type=product&#038;p=40170"},"modified":"2026-03-08T10:55:12","modified_gmt":"2026-03-08T08:55:12","slug":"maxymova-night-therapy-hoolduspalsam","status":"publish","type":"product","link":"https:\/\/pomello.ee\/ru\/toode\/maxymova-night-therapy-hoolduspalsam\/","title":{"rendered":"MAXYMOVA Night Therapy Hoolduspalsam"},"content":{"rendered":"<h3 data-section-id=\"16rwqds\" data-start=\"1720\" data-end=\"1734\">Kasutamine<\/h3>\n<p data-start=\"1735\" data-end=\"1906\">P\u00e4rast \u00f5htust puhastust kanna v\u00e4ike kogus toodet ripsmepiirile ja kulmukarvade juurtele.<br data-start=\"1823\" data-end=\"1826\" \/>Kasuta integreeritud harja, et jaotada palsam \u00fchtlaselt ripsmetele ja kulmudele.<\/p>\n<p data-start=\"1908\" data-end=\"1963\">J\u00e4ta toimima <strong data-start=\"1921\" data-end=\"1931\">\u00f6\u00f6seks<\/strong>, et tagada intensiivne hooldus.<\/p>\n<p data-start=\"1965\" data-end=\"2119\">Soovi korral v\u00f5ib toodet kasutada ka <strong data-start=\"2002\" data-end=\"2031\">hommikul enne ripsmetu\u0161\u0161i<\/strong>, et pakkuda ripsmetele ja kulmudele t\u00e4iendavat igap\u00e4evast toitvat ja kaitsvat hooldust.<\/p>\n","protected":false},"excerpt":{"rendered":"<p data-start=\"0\" data-end=\"77\"><strong data-start=\"0\" data-end=\"77\">MAXYMOVA Night Therapy Hoolduspalsam \u2013 intensiivne \u00f6\u00f6hooldus ripsmetele ja kulmudele<\/strong><\/p>\n<p data-start=\"79\" data-end=\"319\">Night Therapy Repair Balm on k\u00f5rge toimega \u00f6\u00f6hooldus, mis \u00fchendab kaasaegse biotehnoloogia, f\u00fctokeratiini ja biomimeetilised keramiidid, et toetada ripsme- ja kulmekarva loomulikku kasvukeskkonda ning parandada n\u00e4htavalt karva kvaliteeti.<\/p>\n<p data-start=\"321\" data-end=\"570\">See intensiivne hooldus on loodud ripsmete ja kulmude taastamiseks ja tugevdamiseks nende puhkefaasis. Eksklusiivne koostis \u00fchendab botaanilised toimeained ning innovaatilised tugevdamiskompleksid, mis aitavad taastada karva eluj\u00f5u ja vastupidavuse.<\/p>\n<p data-start=\"572\" data-end=\"764\">Follicular Booster Complex ja Peptide System PT-37 s\u00fcnergiline koosm\u00f5ju aitab luua optimaalse keskkonna karvan\u00e4\u00e4psudele, toetades ripsmete ja kulmude tihedust, tugevust ja \u00fcldist eluj\u00f5ulisust.<\/p>\n<p data-start=\"766\" data-end=\"1145\">Seerum on pakendatud pehmesse ja painduvasse tuubi, millel on <strong data-start=\"828\" data-end=\"862\">kahefunktsiooniline aplikaator<\/strong>.<br data-start=\"863\" data-end=\"866\" \/>\u2022 <strong data-start=\"868\" data-end=\"883\">T\u00e4psusotsik<\/strong> v\u00f5imaldab kanda toodet otse ripsmepiirile ja kulmukarvade juurtele, tagades sihip\u00e4rase hoolduse.<br data-start=\"980\" data-end=\"983\" \/>\u2022 <strong data-start=\"985\" data-end=\"993\">Hari<\/strong> aitab toodet \u00fchtlaselt jaotada ripsmetele ja kulmudele, neid samal ajal \u00f5rnalt kammides ja vormides, et tagada parem imendumine ja korrastatud tulemus.<\/p>\n<h3 data-section-id=\"134r8v8\" data-start=\"1147\" data-end=\"1168\">Peamised omadused<\/h3>\n<p data-start=\"1169\" data-end=\"1233\">Night Therapy Repair Balm on intensiivne \u00f6\u00f6hooldus, mis \u00fchendab:<\/p>\n<ul data-start=\"1235\" data-end=\"1517\">\n<li data-section-id=\"hwosv8\" data-start=\"1235\" data-end=\"1290\">\n<p data-start=\"1237\" data-end=\"1290\"><strong data-start=\"1237\" data-end=\"1266\">T\u00e4iustatud biotehnoloogia<\/strong> \u2013 3HC\u2122, ECM-Moduline\u2122<\/p>\n<\/li>\n<li data-section-id=\"bzr2i4\" data-start=\"1291\" data-end=\"1366\">\n<p data-start=\"1293\" data-end=\"1366\"><strong data-start=\"1293\" data-end=\"1325\">Karva struktuuri tugevdamise<\/strong> \u2013 VegeKer-Plus\u2122, aminohapped ja valgud<\/p>\n<\/li>\n<li data-section-id=\"1u7jul5\" data-start=\"1367\" data-end=\"1412\">\n<p data-start=\"1369\" data-end=\"1412\"><strong data-start=\"1369\" data-end=\"1397\">Biomimeetilised lipiidid<\/strong> \u2013 keramiidid<\/p>\n<\/li>\n<li data-section-id=\"1h1j3od\" data-start=\"1413\" data-end=\"1486\">\n<p data-start=\"1415\" data-end=\"1486\"><strong data-start=\"1415\" data-end=\"1445\">Mitmetasandilise niisutuse<\/strong> \u2013 PatcH2O\u2122, h\u00fcaluroonhape ja pantenool<\/p>\n<\/li>\n<li data-section-id=\"18ihnq1\" data-start=\"1487\" data-end=\"1517\">\n<p data-start=\"1489\" data-end=\"1517\"><strong data-start=\"1489\" data-end=\"1517\">Toetavad f\u00fcto-kompleksid<\/strong><\/p>\n<\/li>\n<\/ul>\n<p data-start=\"1519\" data-end=\"1718\">Tulemuseks on uue p\u00f5lvkonna koostis, mis toetab karvan\u00e4\u00e4psude loomulikku tasakaalu, parandab karva visuaalset kvaliteeti ning annab ripsmetele ja kulmudele <strong data-start=\"1675\" data-end=\"1717\">tugevama, tihedama ja tervema v\u00e4limuse<\/strong>.<\/p>\n","protected":false},"featured_media":40171,"comment_status":"open","ping_status":"closed","template":"","meta":{"_monsterinsights_skip_tracking":false,"_monsterinsights_sitenote_active":false,"_monsterinsights_sitenote_note":"","_monsterinsights_sitenote_category":0},"product_brand":[],"product_cat":[206,448,199],"product_tag":[],"class_list":{"0":"post-40170","1":"product","2":"type-product","3":"status-publish","4":"has-post-thumbnail","6":"product_cat-kulmud","7":"product_cat-ripsme-ja-kulmuseerumid","8":"product_cat-ripsmed","9":"pa_brand-maxymova","10":"pa_suurus-8-ml","12":"first","13":"instock","14":"taxable","15":"shipping-taxable","16":"purchasable","17":"product-type-simple"},"_links":{"self":[{"href":"https:\/\/pomello.ee\/ru\/wp-json\/wp\/v2\/product\/40170","targetHints":{"allow":["GET"]}}],"collection":[{"href":"https:\/\/pomello.ee\/ru\/wp-json\/wp\/v2\/product"}],"about":[{"href":"https:\/\/pomello.ee\/ru\/wp-json\/wp\/v2\/types\/product"}],"replies":[{"embeddable":true,"href":"https:\/\/pomello.ee\/ru\/wp-json\/wp\/v2\/comments?post=40170"}],"wp:featuredmedia":[{"embeddable":true,"href":"https:\/\/pomello.ee\/ru\/wp-json\/wp\/v2\/media\/40171"}],"wp:attachment":[{"href":"https:\/\/pomello.ee\/ru\/wp-json\/wp\/v2\/media?parent=40170"}],"wp:term":[{"taxonomy":"product_brand","embeddable":true,"href":"https:\/\/pomello.ee\/ru\/wp-json\/wp\/v2\/product_brand?post=40170"},{"taxonomy":"product_cat","embeddable":true,"href":"https:\/\/pomello.ee\/ru\/wp-json\/wp\/v2\/product_cat?post=40170"},{"taxonomy":"product_tag","embeddable":true,"href":"https:\/\/pomello.ee\/ru\/wp-json\/wp\/v2\/product_tag?post=40170"}],"curies":[{"name":"wp","href":"https:\/\/api.w.org\/{rel}","templated":true}]}}