{"id":41109,"date":"2026-04-20T09:51:14","date_gmt":"2026-04-20T07:51:14","guid":{"rendered":"https:\/\/pomello.ee\/?post_type=product&#038;p=41109"},"modified":"2026-04-20T09:51:14","modified_gmt":"2026-04-20T07:51:14","slug":"pedikuuritool-azzurro-708bs-pedi-pro","status":"publish","type":"product","link":"https:\/\/pomello.ee\/ru\/toode\/pedikuuritool-azzurro-708bs-pedi-pro\/","title":{"rendered":"Pedik\u00fc\u00fcritool Azzurro 708BS Pedi-Pro"},"content":{"rendered":"","protected":false},"excerpt":{"rendered":"<p data-start=\"114\" data-end=\"438\"><strong>Pedik\u00fc\u00fcritool Azzurro 708BS Pedi-Pro Exclusive<\/strong> on ainulaadne elektriline kosmeetikatool, mis on loodud professionaalseks kasutamiseks ilusalongides ja SPA-des. T\u00e4nu s\u00f5ltumatutele mootoritele saab tooli reguleerida kolmes tasapinnas nii puldi kui ka jalgl\u00fclitite abil, v\u00f5imaldades mugavalt teostada nii pedik\u00fc\u00fcri-, n\u00e4o- kui kehahooldusi.<\/p>\n<p data-start=\"440\" data-end=\"730\">Tooli eeliseks on programmeeritavad seadistused ning <strong data-start=\"493\" data-end=\"511\">HOT-funktsioon<\/strong>, mis pakub istmesoojendust ja t\u00f5stab kliendi mugavust veelgi. Eriliseks muudab selle mudeli ka <strong data-start=\"607\" data-end=\"632\">perforeeritud polster<\/strong> ning <strong data-start=\"638\" data-end=\"672\">v\u00e4rviline LED-valgustus alusel<\/strong>, mis loovad salongis modernse ja luksusliku atmosf\u00e4\u00e4ri.<\/p>\n<p data-start=\"732\" data-end=\"881\">Azzurro 708BS on ideaalne valik salongile, kes soovib pakkuda klientidele maksimaalset mugavust ning eristuda stiilse ja innovaatilise sisustusega.<\/p>\n<ul data-start=\"959\" data-end=\"1268\">\n<li data-section-id=\"vf6abv\" data-start=\"959\" data-end=\"1000\">Elektriline reguleerimine 3 mootoriga<\/li>\n<li data-section-id=\"1129y1p\" data-start=\"1001\" data-end=\"1038\">Juhtimine puldi ja jalgl\u00fclititega<\/li>\n<li data-section-id=\"5ucnu9\" data-start=\"1039\" data-end=\"1075\">Salvestatavad t\u00f6\u00f6asendid (P1\u2013P3)<\/li>\n<li data-section-id=\"1iga9kq\" data-start=\"1076\" data-end=\"1111\">Istmesoojendus (HOT funktsioon)<\/li>\n<li data-section-id=\"h61gma\" data-start=\"1112\" data-end=\"1136\">LED-valgustus alusel<\/li>\n<li data-section-id=\"whgasc\" data-start=\"1137\" data-end=\"1183\">Perforeeritud, kergesti puhastatav polster<\/li>\n<li data-section-id=\"q1g1zz\" data-start=\"1184\" data-end=\"1229\">Sobib pedik\u00fc\u00fcri-, n\u00e4o- ja kehahooldusteks<\/li>\n<li data-section-id=\"1ukul9b\" data-start=\"1230\" data-end=\"1268\">Maksimaalne kandev\u00f5ime kuni 200 kg<\/li>\n<\/ul>\n<h2 data-section-id=\"1mm8on1\" data-start=\"1275\" data-end=\"1300\">Tehnilised andmed<\/h2>\n<ul data-start=\"1302\" data-end=\"1452\">\n<li data-section-id=\"108zok8\" data-start=\"1302\" data-end=\"1322\">Mootorite arv: 3<\/li>\n<li data-section-id=\"350f18\" data-start=\"1323\" data-end=\"1357\">Maksimaalne kandev\u00f5ime: 200 kg<\/li>\n<li data-section-id=\"1fuzltc\" data-start=\"1358\" data-end=\"1394\">Sisendpinge: 220\u2013240 V, 50\/60 Hz<\/li>\n<li data-section-id=\"1ypyn0\" data-start=\"1395\" data-end=\"1417\">V\u00e4ljundpinge: 24 V<\/li>\n<li data-section-id=\"wwqg0d\" data-start=\"1418\" data-end=\"1452\">Juhtimine: pult ja jalgl\u00fclitid<\/li>\n<\/ul>\n","protected":false},"featured_media":41114,"comment_status":"open","ping_status":"closed","template":"","meta":{"_monsterinsights_skip_tracking":false,"_monsterinsights_sitenote_active":false,"_monsterinsights_sitenote_note":"","_monsterinsights_sitenote_category":0},"product_brand":[],"product_cat":[1570],"product_tag":[1579],"class_list":{"0":"post-41109","1":"product","2":"type-product","3":"status-publish","4":"has-post-thumbnail","6":"product_cat-salongisisustus-ja-moobel","7":"product_tag-installation","8":"pa_brand-azzurro","10":"first","11":"instock","12":"taxable","13":"shipping-taxable","14":"purchasable","15":"product-type-simple"},"_links":{"self":[{"href":"https:\/\/pomello.ee\/ru\/wp-json\/wp\/v2\/product\/41109","targetHints":{"allow":["GET"]}}],"collection":[{"href":"https:\/\/pomello.ee\/ru\/wp-json\/wp\/v2\/product"}],"about":[{"href":"https:\/\/pomello.ee\/ru\/wp-json\/wp\/v2\/types\/product"}],"replies":[{"embeddable":true,"href":"https:\/\/pomello.ee\/ru\/wp-json\/wp\/v2\/comments?post=41109"}],"wp:featuredmedia":[{"embeddable":true,"href":"https:\/\/pomello.ee\/ru\/wp-json\/wp\/v2\/media\/41114"}],"wp:attachment":[{"href":"https:\/\/pomello.ee\/ru\/wp-json\/wp\/v2\/media?parent=41109"}],"wp:term":[{"taxonomy":"product_brand","embeddable":true,"href":"https:\/\/pomello.ee\/ru\/wp-json\/wp\/v2\/product_brand?post=41109"},{"taxonomy":"product_cat","embeddable":true,"href":"https:\/\/pomello.ee\/ru\/wp-json\/wp\/v2\/product_cat?post=41109"},{"taxonomy":"product_tag","embeddable":true,"href":"https:\/\/pomello.ee\/ru\/wp-json\/wp\/v2\/product_tag?post=41109"}],"curies":[{"name":"wp","href":"https:\/\/api.w.org\/{rel}","templated":true}]}}