{"id":41355,"date":"2026-04-23T08:48:56","date_gmt":"2026-04-23T06:48:56","guid":{"rendered":"https:\/\/pomello.ee\/?post_type=product&#038;p=41355"},"modified":"2026-04-23T09:04:15","modified_gmt":"2026-04-23T07:04:15","slug":"tootool-gabbiano-a450-must","status":"publish","type":"product","link":"https:\/\/pomello.ee\/ru\/toode\/tootool-gabbiano-a450-must\/","title":{"rendered":"T\u00f6\u00f6tool Gabbiano A450 Must"},"content":{"rendered":"","protected":false},"excerpt":{"rendered":"<p data-section-id=\"aztipt\" data-start=\"0\" data-end=\"33\"><strong>T\u00f6\u00f6tool Gabbiano A450 Must<\/strong> on mugav ja funktsionaalne t\u00f6\u00f6tool <span class=\"hover:entity-accent entity-underline inline cursor-pointer align-baseline\"><span class=\"whitespace-normal\">Gabbiano<\/span><\/span> A450 on loodud professionaalseks kasutamiseks, kus oluline on nii t\u00f6\u00f6ergonoomika kui ka vastupidavus. Tool on valmistatud kvaliteetsetest materjalidest ning viimistletud detailideni, et tagada pikk kasutusiga ja usaldusv\u00e4\u00e4rsus igap\u00e4evases t\u00f6\u00f6s.<\/p>\n<p data-start=\"353\" data-end=\"591\">Pehme ja eriti mugav iste on kaetud kvaliteetse musta kunstnahaga, mis on vastupidav, lihtsasti puhastatav ning sobib ideaalselt salongikeskkonda. T\u00e4nu l\u00e4bim\u00f5eldud disainile toetab tool mugavat t\u00f6\u00f6asendit ka pikemate t\u00f6\u00f6p\u00e4evade jooksul.<\/p>\n","protected":false},"featured_media":41364,"comment_status":"open","ping_status":"closed","template":"","meta":{"_monsterinsights_skip_tracking":false,"_monsterinsights_sitenote_active":false,"_monsterinsights_sitenote_note":"","_monsterinsights_sitenote_category":0},"product_brand":[],"product_cat":[1570,1591],"product_tag":[],"class_list":{"0":"post-41355","1":"product","2":"type-product","3":"status-publish","4":"has-post-thumbnail","6":"product_cat-salongisisustus-ja-moobel","7":"product_cat-tootoolid","8":"pa_brand-gabbiano","10":"first","11":"instock","12":"taxable","13":"shipping-taxable","14":"purchasable","15":"product-type-simple"},"_links":{"self":[{"href":"https:\/\/pomello.ee\/ru\/wp-json\/wp\/v2\/product\/41355","targetHints":{"allow":["GET"]}}],"collection":[{"href":"https:\/\/pomello.ee\/ru\/wp-json\/wp\/v2\/product"}],"about":[{"href":"https:\/\/pomello.ee\/ru\/wp-json\/wp\/v2\/types\/product"}],"replies":[{"embeddable":true,"href":"https:\/\/pomello.ee\/ru\/wp-json\/wp\/v2\/comments?post=41355"}],"wp:featuredmedia":[{"embeddable":true,"href":"https:\/\/pomello.ee\/ru\/wp-json\/wp\/v2\/media\/41364"}],"wp:attachment":[{"href":"https:\/\/pomello.ee\/ru\/wp-json\/wp\/v2\/media?parent=41355"}],"wp:term":[{"taxonomy":"product_brand","embeddable":true,"href":"https:\/\/pomello.ee\/ru\/wp-json\/wp\/v2\/product_brand?post=41355"},{"taxonomy":"product_cat","embeddable":true,"href":"https:\/\/pomello.ee\/ru\/wp-json\/wp\/v2\/product_cat?post=41355"},{"taxonomy":"product_tag","embeddable":true,"href":"https:\/\/pomello.ee\/ru\/wp-json\/wp\/v2\/product_tag?post=41355"}],"curies":[{"name":"wp","href":"https:\/\/api.w.org\/{rel}","templated":true}]}}