{"id":41368,"date":"2026-04-23T09:01:00","date_gmt":"2026-04-23T07:01:00","guid":{"rendered":"https:\/\/pomello.ee\/?post_type=product&#038;p=41368"},"modified":"2026-04-23T09:02:48","modified_gmt":"2026-04-23T07:02:48","slug":"tootool-giovanni-1025","status":"publish","type":"product","link":"https:\/\/pomello.ee\/ru\/toode\/tootool-giovanni-1025\/","title":{"rendered":"T\u00f6\u00f6tool Giovanni 1025"},"content":{"rendered":"","protected":false},"excerpt":{"rendered":"<h2 data-section-id=\"1g2kokn\" data-start=\"0\" data-end=\"33\">T\u00f6\u00f6tool Giovanni 1025<\/h2>\n<p data-start=\"35\" data-end=\"329\">Mugav, stabiilne ja professionaalne t\u00f6\u00f6tool <span class=\"hover:entity-accent entity-underline inline cursor-pointer align-baseline\"><span class=\"whitespace-normal\">Giovanni<\/span><\/span> 1025 on loodud iluteenindajale, kes hindab ergonoomikat ja kvaliteeti igap\u00e4evases t\u00f6\u00f6s. Profileeritud iste ja seljatugi toetavad \u00f5iget kehaasendit ning aitavad v\u00e4hendada koormust ka pikemate protseduuride ajal.<\/p>\n<p data-start=\"331\" data-end=\"640\">Tooli tugev viieharuline alus ratastega tagab hea liikuvuse ja stabiilsuse, samas kui h\u00fcdrauliline k\u00f5rguse reguleerimine v\u00f5imaldab tooli kiiresti ja mugavalt enda t\u00f6\u00f6asendile vastavaks seadistada. Lisaks on v\u00f5imalik reguleerida nii istme kaldenurka kui ka seljatoe k\u00f5rgust, et saavutada maksimaalne mugavus.<\/p>\n<h2 data-section-id=\"1eex3ko\" data-start=\"647\" data-end=\"689\">Miks valida Giovanni 1025 t\u00f6\u00f6tool?<\/h2>\n<ul data-start=\"691\" data-end=\"905\">\n<li data-section-id=\"3un603\" data-start=\"691\" data-end=\"730\">Ergonoomiline ja profileeritud iste<\/li>\n<li data-section-id=\"8k7e9x\" data-start=\"731\" data-end=\"772\">Reguleeritav istme kalle ja seljatugi<\/li>\n<li data-section-id=\"15dlhfk\" data-start=\"773\" data-end=\"811\">H\u00fcdrauliline k\u00f5rguse reguleerimine<\/li>\n<li data-section-id=\"1n58w35\" data-start=\"812\" data-end=\"853\">Stabiilne viieharuline alus ratastega<\/li>\n<li data-section-id=\"12meje3\" data-start=\"854\" data-end=\"905\">Sobib ripsme-, kulmu-, k\u00fc\u00fcne- ja n\u00e4ohooldusteks<\/li>\n<\/ul>\n<h2 data-section-id=\"fudj2e\" data-start=\"912\" data-end=\"937\">Tehnilised andmed<\/h2>\n<ul data-start=\"939\" data-end=\"1157\">\n<li data-section-id=\"1a874q2\" data-start=\"939\" data-end=\"969\">Istme m\u00f5\u00f5dud: 48 \u00d7 39,5 cm<\/li>\n<li data-section-id=\"1xffjza\" data-start=\"970\" data-end=\"990\">K\u00f5rgus: 55\u201373 cm<\/li>\n<li data-section-id=\"1b4p527\" data-start=\"991\" data-end=\"1018\">Mehhanism: h\u00fcdrauliline<\/li>\n<li data-section-id=\"rahsco\" data-start=\"1019\" data-end=\"1051\">Alus: viieharuline ratastega<\/li>\n<li data-section-id=\"1i4q3h4\" data-start=\"1067\" data-end=\"1106\">Pakendi m\u00f5\u00f5dud: 49,5 \u00d7 49,5 \u00d7 22 cm<\/li>\n<li data-section-id=\"1efjui4\" data-start=\"1107\" data-end=\"1136\">Kaal koos pakendiga: 7 kg<\/li>\n<li data-section-id=\"1ka7frf\" data-start=\"1137\" data-end=\"1157\">Pakendite arv: 1<\/li>\n<\/ul>\n","protected":false},"featured_media":41372,"comment_status":"open","ping_status":"closed","template":"","meta":{"_monsterinsights_skip_tracking":false,"_monsterinsights_sitenote_active":false,"_monsterinsights_sitenote_note":"","_monsterinsights_sitenote_category":0},"product_brand":[],"product_cat":[1570,1591],"product_tag":[],"class_list":{"0":"post-41368","1":"product","2":"type-product","3":"status-publish","4":"has-post-thumbnail","6":"product_cat-salongisisustus-ja-moobel","7":"product_cat-tootoolid","8":"pa_brand-giovanni","9":"pa_varv-hall","10":"pa_varv-must","11":"pa_varv-valge","13":"first","14":"instock","15":"taxable","16":"shipping-taxable","17":"purchasable","18":"product-type-variable"},"_links":{"self":[{"href":"https:\/\/pomello.ee\/ru\/wp-json\/wp\/v2\/product\/41368","targetHints":{"allow":["GET"]}}],"collection":[{"href":"https:\/\/pomello.ee\/ru\/wp-json\/wp\/v2\/product"}],"about":[{"href":"https:\/\/pomello.ee\/ru\/wp-json\/wp\/v2\/types\/product"}],"replies":[{"embeddable":true,"href":"https:\/\/pomello.ee\/ru\/wp-json\/wp\/v2\/comments?post=41368"}],"wp:featuredmedia":[{"embeddable":true,"href":"https:\/\/pomello.ee\/ru\/wp-json\/wp\/v2\/media\/41372"}],"wp:attachment":[{"href":"https:\/\/pomello.ee\/ru\/wp-json\/wp\/v2\/media?parent=41368"}],"wp:term":[{"taxonomy":"product_brand","embeddable":true,"href":"https:\/\/pomello.ee\/ru\/wp-json\/wp\/v2\/product_brand?post=41368"},{"taxonomy":"product_cat","embeddable":true,"href":"https:\/\/pomello.ee\/ru\/wp-json\/wp\/v2\/product_cat?post=41368"},{"taxonomy":"product_tag","embeddable":true,"href":"https:\/\/pomello.ee\/ru\/wp-json\/wp\/v2\/product_tag?post=41368"}],"curies":[{"name":"wp","href":"https:\/\/api.w.org\/{rel}","templated":true}]}}